{"id":2984,"date":"2025-03-03T13:57:00","date_gmt":"2025-03-03T13:57:00","guid":{"rendered":"https:\/\/ms-school.net\/?page_id=2984"},"modified":"2025-03-17T16:34:10","modified_gmt":"2025-03-17T16:34:10","slug":"payement-electronique","status":"publish","type":"page","link":"https:\/\/ms-school.net\/accueil\/payement-electronique\/","title":{"rendered":"Payement Electronique"},"content":{"rendered":"\t\t<div data-elementor-type=\"wp-page\" data-elementor-id=\"2984\" class=\"elementor elementor-2984\" data-elementor-post-type=\"page\">\n\t\t\t\t\t\t<section class=\"elementor-section elementor-top-section elementor-element elementor-element-660f2435 elementor-section-height-min-height ot-traditional elementor-section-boxed elementor-section-height-default elementor-section-items-middle\" data-id=\"660f2435\" data-element_type=\"section\">\n\t\t\t\t\t\t<div class=\"elementor-container elementor-column-gap-wider\">\n\t\t\t\t\t<div class=\"elementor-column elementor-col-50 elementor-top-column elementor-element elementor-element-1cd8ec8b elementor-invisible\" data-id=\"1cd8ec8b\" data-element_type=\"column\" data-settings=\"{&quot;animation&quot;:&quot;fadeInLeft&quot;}\">\n\t\t\t<div class=\"elementor-widget-wrap elementor-element-populated\">\n\t\t\t\t\t\t<div class=\"elementor-element elementor-element-1d679d3 elementor-widget elementor-widget-image\" data-id=\"1d679d3\" data-element_type=\"widget\" data-widget_type=\"image.default\">\n\t\t\t\t<div class=\"elementor-widget-container\">\n\t\t\t\t\t\t\t\t\t\t\t\t\t<img fetchpriority=\"high\" decoding=\"async\" width=\"1024\" height=\"466\" src=\"https:\/\/ms-school.net\/wp-content\/uploads\/2025\/03\/Orange-Money-emblem-1024x466.png\" class=\"attachment-large size-large wp-image-3124\" alt=\"\" srcset=\"https:\/\/ms-school.net\/wp-content\/uploads\/2025\/03\/Orange-Money-emblem-1024x466.png 1024w, https:\/\/ms-school.net\/wp-content\/uploads\/2025\/03\/Orange-Money-emblem-300x137.png 300w, https:\/\/ms-school.net\/wp-content\/uploads\/2025\/03\/Orange-Money-emblem-768x350.png 768w, https:\/\/ms-school.net\/wp-content\/uploads\/2025\/03\/Orange-Money-emblem-1536x699.png 1536w, https:\/\/ms-school.net\/wp-content\/uploads\/2025\/03\/Orange-Money-emblem-2048x933.png 2048w, https:\/\/ms-school.net\/wp-content\/uploads\/2025\/03\/Orange-Money-emblem-720x328.png 720w, https:\/\/ms-school.net\/wp-content\/uploads\/2025\/03\/Orange-Money-emblem-1320x601.png 1320w\" sizes=\"(max-width: 1024px) 100vw, 1024px\" \/>\t\t\t\t\t\t\t\t\t\t\t\t\t<\/div>\n\t\t\t\t<\/div>\n\t\t\t\t<div class=\"elementor-element elementor-element-5a3a12a1 elementor-widget elementor-widget-heading\" data-id=\"5a3a12a1\" data-element_type=\"widget\" data-widget_type=\"heading.default\">\n\t\t\t\t<div class=\"elementor-widget-container\">\n\t\t\t<h2 class=\"elementor-heading-title elementor-size-default\">Orange Money (OM)<\/h2>\t\t<\/div>\n\t\t\t\t<\/div>\n\t\t\t\t<div class=\"elementor-element elementor-element-2288508 elementor-widget-divider--view-line elementor-widget elementor-widget-divider\" data-id=\"2288508\" data-element_type=\"widget\" data-widget_type=\"divider.default\">\n\t\t\t\t<div class=\"elementor-widget-container\">\n\t\t\t\t\t<div class=\"elementor-divider\">\n\t\t\t<span class=\"elementor-divider-separator\">\n\t\t\t\t\t\t<\/span>\n\t\t<\/div>\n\t\t\t\t<\/div>\n\t\t\t\t<\/div>\n\t\t\t\t<div class=\"elementor-element elementor-element-1f2964dc elementor-widget elementor-widget-text-editor\" data-id=\"1f2964dc\" data-element_type=\"widget\" data-widget_type=\"text-editor.default\">\n\t\t\t\t<div class=\"elementor-widget-container\">\n\t\t\t\t\t\t\t<p><strong>Effectuez vos paiements en toute simplicit\u00e9, avec un suivi transparent et une s\u00e9curit\u00e9 optimale, le tout en un seul clic !<\/strong><\/p>\t\t\t\t\t\t<\/div>\n\t\t\t\t<\/div>\n\t\t\t\t\t<\/div>\n\t\t<\/div>\n\t\t\t\t<div class=\"elementor-column elementor-col-50 elementor-top-column elementor-element elementor-element-75d88a67 elementor-invisible\" data-id=\"75d88a67\" data-element_type=\"column\" data-settings=\"{&quot;background_background&quot;:&quot;classic&quot;,&quot;animation&quot;:&quot;fadeInRight&quot;}\">\n\t\t\t<div class=\"elementor-widget-wrap elementor-element-populated\">\n\t\t\t\t\t\t<div class=\"elementor-element elementor-element-eb8f7af elementor-widget elementor-widget-image\" data-id=\"eb8f7af\" data-element_type=\"widget\" data-widget_type=\"image.default\">\n\t\t\t\t<div class=\"elementor-widget-container\">\n\t\t\t\t\t\t\t\t\t\t\t\t\t<img decoding=\"async\" width=\"225\" height=\"225\" src=\"https:\/\/ms-school.net\/wp-content\/uploads\/2025\/03\/images.jpg\" class=\"attachment-large size-large wp-image-3125\" alt=\"\" srcset=\"https:\/\/ms-school.net\/wp-content\/uploads\/2025\/03\/images.jpg 225w, https:\/\/ms-school.net\/wp-content\/uploads\/2025\/03\/images-150x150.jpg 150w\" sizes=\"(max-width: 225px) 100vw, 225px\" \/>\t\t\t\t\t\t\t\t\t\t\t\t\t<\/div>\n\t\t\t\t<\/div>\n\t\t\t\t<div class=\"elementor-element elementor-element-c438c97 elementor-widget elementor-widget-heading\" data-id=\"c438c97\" data-element_type=\"widget\" data-widget_type=\"heading.default\">\n\t\t\t\t<div class=\"elementor-widget-container\">\n\t\t\t<h2 class=\"elementor-heading-title elementor-size-default\">Mobile Money(MoMo)<\/h2>\t\t<\/div>\n\t\t\t\t<\/div>\n\t\t\t\t<div class=\"elementor-element elementor-element-6f4e1cc3 elementor-widget-divider--view-line elementor-widget elementor-widget-divider\" data-id=\"6f4e1cc3\" data-element_type=\"widget\" data-widget_type=\"divider.default\">\n\t\t\t\t<div class=\"elementor-widget-container\">\n\t\t\t\t\t<div class=\"elementor-divider\">\n\t\t\t<span class=\"elementor-divider-separator\">\n\t\t\t\t\t\t<\/span>\n\t\t<\/div>\n\t\t\t\t<\/div>\n\t\t\t\t<\/div>\n\t\t\t\t<div class=\"elementor-element elementor-element-41f28f76 elementor-widget elementor-widget-text-editor\" data-id=\"41f28f76\" data-element_type=\"widget\" data-widget_type=\"text-editor.default\">\n\t\t\t\t<div class=\"elementor-widget-container\">\n\t\t\t\t\t\t\t<p><strong>Effectuez vos paiements en toute simplicit\u00e9, avec un suivi transparent et une s\u00e9curit\u00e9 optimale, le tout en un seul clic !<\/strong><\/p>\t\t\t\t\t\t<\/div>\n\t\t\t\t<\/div>\n\t\t\t\t\t<\/div>\n\t\t<\/div>\n\t\t\t\t\t<\/div>\n\t\t<\/section>\n\t\t\t\t<\/div>\n\t\t","protected":false},"excerpt":{"rendered":"<p>Orange Money (OM) Effectuez vos paiements en toute simplicit\u00e9, avec un suivi transparent et une s\u00e9curit\u00e9 optimale, le tout en un seul clic ! Mobile Money(MoMo) Effectuez vos paiements en toute simplicit\u00e9, avec un suivi transparent et une s\u00e9curit\u00e9 optimale, le tout en un seul clic !<\/p>\n","protected":false},"author":2,"featured_media":0,"parent":0,"menu_order":0,"comment_status":"closed","ping_status":"closed","template":"","meta":{"footnotes":""},"class_list":["post-2984","page","type-page","status-publish","hentry"],"_links":{"self":[{"href":"https:\/\/ms-school.net\/accueil\/wp-json\/wp\/v2\/pages\/2984","targetHints":{"allow":["GET"]}}],"collection":[{"href":"https:\/\/ms-school.net\/accueil\/wp-json\/wp\/v2\/pages"}],"about":[{"href":"https:\/\/ms-school.net\/accueil\/wp-json\/wp\/v2\/types\/page"}],"author":[{"embeddable":true,"href":"https:\/\/ms-school.net\/accueil\/wp-json\/wp\/v2\/users\/2"}],"replies":[{"embeddable":true,"href":"https:\/\/ms-school.net\/accueil\/wp-json\/wp\/v2\/comments?post=2984"}],"version-history":[{"count":19,"href":"https:\/\/ms-school.net\/accueil\/wp-json\/wp\/v2\/pages\/2984\/revisions"}],"predecessor-version":[{"id":3170,"href":"https:\/\/ms-school.net\/accueil\/wp-json\/wp\/v2\/pages\/2984\/revisions\/3170"}],"wp:attachment":[{"href":"https:\/\/ms-school.net\/accueil\/wp-json\/wp\/v2\/media?parent=2984"}],"curies":[{"name":"wp","href":"https:\/\/api.w.org\/{rel}","templated":true}]}}