{"id":2987,"date":"2025-03-03T13:54:19","date_gmt":"2025-03-03T13:54:19","guid":{"rendered":"https:\/\/ms-school.net\/?page_id=2987"},"modified":"2025-03-24T11:17:19","modified_gmt":"2025-03-24T11:17:19","slug":"organisation","status":"publish","type":"page","link":"https:\/\/ms-school.net\/accueil\/organisation\/","title":{"rendered":"Organisation"},"content":{"rendered":"\t\t<div data-elementor-type=\"wp-page\" data-elementor-id=\"2987\" class=\"elementor elementor-2987\" data-elementor-post-type=\"page\">\n\t\t\t\t\t\t<section class=\"elementor-section elementor-top-section elementor-element elementor-element-eeee50c ot-traditional elementor-section-boxed elementor-section-height-default elementor-section-height-default\" data-id=\"eeee50c\" data-element_type=\"section\">\n\t\t\t\t\t\t<div class=\"elementor-container elementor-column-gap-default\">\n\t\t\t\t\t<div class=\"elementor-column elementor-col-100 elementor-top-column elementor-element elementor-element-6c4fd0a\" data-id=\"6c4fd0a\" data-element_type=\"column\">\n\t\t\t<div class=\"elementor-widget-wrap elementor-element-populated\">\n\t\t\t\t\t\t<div class=\"elementor-element elementor-element-1395fd6 elementor-widget elementor-widget-heading\" data-id=\"1395fd6\" data-element_type=\"widget\" data-widget_type=\"heading.default\">\n\t\t\t\t<div class=\"elementor-widget-container\">\n\t\t\t<h2 class=\"elementor-heading-title elementor-size-default\">Les sous modules <\/h2>\t\t<\/div>\n\t\t\t\t<\/div>\n\t\t\t\t\t<\/div>\n\t\t<\/div>\n\t\t\t\t\t<\/div>\n\t\t<\/section>\n\t\t\t\t<section class=\"elementor-section elementor-top-section elementor-element elementor-element-d443bd1 elementor-section-height-min-height ot-traditional elementor-section-boxed elementor-section-height-default elementor-section-items-middle\" data-id=\"d443bd1\" data-element_type=\"section\">\n\t\t\t\t\t\t<div class=\"elementor-container elementor-column-gap-wider\">\n\t\t\t\t\t<div class=\"elementor-column elementor-col-50 elementor-top-column elementor-element elementor-element-76709bd elementor-invisible\" data-id=\"76709bd\" data-element_type=\"column\" data-settings=\"{&quot;animation&quot;:&quot;fadeInLeft&quot;}\">\n\t\t\t<div class=\"elementor-widget-wrap elementor-element-populated\">\n\t\t\t\t\t\t<div class=\"elementor-element elementor-element-31d2fb8 elementor-widget elementor-widget-heading\" data-id=\"31d2fb8\" data-element_type=\"widget\" data-widget_type=\"heading.default\">\n\t\t\t\t<div class=\"elementor-widget-container\">\n\t\t\t<h2 class=\"elementor-heading-title elementor-size-default\">Gestion du Personnel<\/h2>\t\t<\/div>\n\t\t\t\t<\/div>\n\t\t\t\t<div class=\"elementor-element elementor-element-dafa097 elementor-widget-divider--view-line elementor-widget elementor-widget-divider\" data-id=\"dafa097\" data-element_type=\"widget\" data-widget_type=\"divider.default\">\n\t\t\t\t<div class=\"elementor-widget-container\">\n\t\t\t\t\t<div class=\"elementor-divider\">\n\t\t\t<span class=\"elementor-divider-separator\">\n\t\t\t\t\t\t<\/span>\n\t\t<\/div>\n\t\t\t\t<\/div>\n\t\t\t\t<\/div>\n\t\t\t\t<div class=\"elementor-element elementor-element-5867612 elementor-widget elementor-widget-text-editor\" data-id=\"5867612\" data-element_type=\"widget\" data-widget_type=\"text-editor.default\">\n\t\t\t\t<div class=\"elementor-widget-container\">\n\t\t\t\t\t\t\t<ol start=\"1\"><li><p><strong>Centralisation des donn\u00e9es<\/strong>\u00a0: Simplifie la gestion des informations du personnel (enseignants, administratifs) en un seul endroit.<\/p><\/li><li><p><strong>Suivi efficace<\/strong>\u00a0: Permet de g\u00e9rer les contrats, les absences, les cong\u00e9s et les \u00e9valuations de mani\u00e8re organis\u00e9e.<\/p><\/li><li><p><strong>Am\u00e9lioration de la communication<\/strong>\u00a0: Facilite les \u00e9changes entre la direction et le personnel pour une collaboration plus fluide.<\/p><\/li><\/ol>\t\t\t\t\t\t<\/div>\n\t\t\t\t<\/div>\n\t\t\t\t\t<\/div>\n\t\t<\/div>\n\t\t\t\t<div class=\"elementor-column elementor-col-50 elementor-top-column elementor-element elementor-element-c531e88 elementor-invisible\" data-id=\"c531e88\" data-element_type=\"column\" data-settings=\"{&quot;background_background&quot;:&quot;classic&quot;,&quot;animation&quot;:&quot;fadeInRight&quot;}\">\n\t\t\t<div class=\"elementor-widget-wrap elementor-element-populated\">\n\t\t\t\t\t\t<div class=\"elementor-element elementor-element-781707c elementor-widget elementor-widget-heading\" data-id=\"781707c\" data-element_type=\"widget\" data-widget_type=\"heading.default\">\n\t\t\t\t<div class=\"elementor-widget-container\">\n\t\t\t<h2 class=\"elementor-heading-title elementor-size-default\">Gestion des Inscriptions<\/h2>\t\t<\/div>\n\t\t\t\t<\/div>\n\t\t\t\t<div class=\"elementor-element elementor-element-8e26226 elementor-widget-divider--view-line elementor-widget elementor-widget-divider\" data-id=\"8e26226\" data-element_type=\"widget\" data-widget_type=\"divider.default\">\n\t\t\t\t<div class=\"elementor-widget-container\">\n\t\t\t\t\t<div class=\"elementor-divider\">\n\t\t\t<span class=\"elementor-divider-separator\">\n\t\t\t\t\t\t<\/span>\n\t\t<\/div>\n\t\t\t\t<\/div>\n\t\t\t\t<\/div>\n\t\t\t\t<div class=\"elementor-element elementor-element-c6beec6 elementor-widget elementor-widget-text-editor\" data-id=\"c6beec6\" data-element_type=\"widget\" data-widget_type=\"text-editor.default\">\n\t\t\t\t<div class=\"elementor-widget-container\">\n\t\t\t\t\t\t\t<ol start=\"1\"><li><p><strong>Simplification du processus<\/strong>\u00a0: Automatise et acc\u00e9l\u00e8re les inscriptions, r\u00e9duisant les d\u00e9marches manuelles et les erreurs.<\/p><\/li><li><p><strong>Suivi en temps r\u00e9el<\/strong>\u00a0: Permet de consulter l\u2019\u00e9tat des inscriptions, des paiements et des documents requis \u00e0 tout moment.<\/p><\/li><li><p><strong>Meilleure exp\u00e9rience utilisateur<\/strong>\u00a0: Offre aux parents une interface conviviale pour inscrire leurs enfants et suivre le processus en ligne.<\/p><\/li><\/ol>\t\t\t\t\t\t<\/div>\n\t\t\t\t<\/div>\n\t\t\t\t\t<\/div>\n\t\t<\/div>\n\t\t\t\t\t<\/div>\n\t\t<\/section>\n\t\t\t\t<section class=\"elementor-section elementor-top-section elementor-element elementor-element-67a2abc elementor-section-height-min-height ot-traditional elementor-section-boxed elementor-section-height-default elementor-section-items-middle\" data-id=\"67a2abc\" data-element_type=\"section\">\n\t\t\t\t\t\t<div class=\"elementor-container elementor-column-gap-wider\">\n\t\t\t\t\t<div class=\"elementor-column elementor-col-50 elementor-top-column elementor-element elementor-element-7fddb13 elementor-invisible\" data-id=\"7fddb13\" data-element_type=\"column\" data-settings=\"{&quot;background_background&quot;:&quot;classic&quot;,&quot;animation&quot;:&quot;fadeInRight&quot;}\">\n\t\t\t<div class=\"elementor-widget-wrap elementor-element-populated\">\n\t\t\t\t\t\t<div class=\"elementor-element elementor-element-82f3027 elementor-widget elementor-widget-heading\" data-id=\"82f3027\" data-element_type=\"widget\" data-widget_type=\"heading.default\">\n\t\t\t\t<div class=\"elementor-widget-container\">\n\t\t\t<h2 class=\"elementor-heading-title elementor-size-default\">Gestions des Access<\/h2>\t\t<\/div>\n\t\t\t\t<\/div>\n\t\t\t\t<div class=\"elementor-element elementor-element-2907e7a elementor-widget-divider--view-line elementor-widget elementor-widget-divider\" data-id=\"2907e7a\" data-element_type=\"widget\" data-widget_type=\"divider.default\">\n\t\t\t\t<div class=\"elementor-widget-container\">\n\t\t\t\t\t<div class=\"elementor-divider\">\n\t\t\t<span class=\"elementor-divider-separator\">\n\t\t\t\t\t\t<\/span>\n\t\t<\/div>\n\t\t\t\t<\/div>\n\t\t\t\t<\/div>\n\t\t\t\t<div class=\"elementor-element elementor-element-27a7371 elementor-widget elementor-widget-text-editor\" data-id=\"27a7371\" data-element_type=\"widget\" data-widget_type=\"text-editor.default\">\n\t\t\t\t<div class=\"elementor-widget-container\">\n\t\t\t\t\t\t\t<ol start=\"1\"><li><p><strong>S\u00e9curit\u00e9 renforc\u00e9e<\/strong>\u00a0: Contr\u00f4le et restreint l\u2019acc\u00e8s aux informations sensibles selon les r\u00f4les (enseignants, parents, administrateurs).<\/p><\/li><li><p><strong>Personnalisation des acc\u00e8s<\/strong>\u00a0: Permet \u00e0 chaque utilisateur d\u2019acc\u00e9der uniquement aux donn\u00e9es et fonctionnalit\u00e9s pertinentes pour son r\u00f4le.<\/p><\/li><li><p><strong>Facilit\u00e9 d\u2019utilisation<\/strong>\u00a0: Simplifie la gestion des identifiants et des permissions pour les administrateurs et les utilisateurs.<\/p><\/li><\/ol>\t\t\t\t\t\t<\/div>\n\t\t\t\t<\/div>\n\t\t\t\t\t<\/div>\n\t\t<\/div>\n\t\t\t\t<div class=\"elementor-column elementor-col-50 elementor-top-column elementor-element elementor-element-86460f1 elementor-invisible\" data-id=\"86460f1\" data-element_type=\"column\" data-settings=\"{&quot;animation&quot;:&quot;fadeInLeft&quot;}\">\n\t\t\t<div class=\"elementor-widget-wrap elementor-element-populated\">\n\t\t\t\t\t\t<div class=\"elementor-element elementor-element-31eb9da elementor-widget elementor-widget-heading\" data-id=\"31eb9da\" data-element_type=\"widget\" data-widget_type=\"heading.default\">\n\t\t\t\t<div class=\"elementor-widget-container\">\n\t\t\t<h2 class=\"elementor-heading-title elementor-size-default\">Gestion de la Communication \/ SMS<\/h2>\t\t<\/div>\n\t\t\t\t<\/div>\n\t\t\t\t<div class=\"elementor-element elementor-element-23be5b2 elementor-widget-divider--view-line elementor-widget elementor-widget-divider\" data-id=\"23be5b2\" data-element_type=\"widget\" data-widget_type=\"divider.default\">\n\t\t\t\t<div class=\"elementor-widget-container\">\n\t\t\t\t\t<div class=\"elementor-divider\">\n\t\t\t<span class=\"elementor-divider-separator\">\n\t\t\t\t\t\t<\/span>\n\t\t<\/div>\n\t\t\t\t<\/div>\n\t\t\t\t<\/div>\n\t\t\t\t<div class=\"elementor-element elementor-element-c701f5a elementor-widget elementor-widget-text-editor\" data-id=\"c701f5a\" data-element_type=\"widget\" data-widget_type=\"text-editor.default\">\n\t\t\t\t<div class=\"elementor-widget-container\">\n\t\t\t\t\t\t\t<ol start=\"1\"><li><p><strong>Communication instantan\u00e9e<\/strong>\u00a0: Permet d\u2019envoyer des messages rapides (SMS, notifications) aux parents, \u00e9l\u00e8ves et personnel pour des alertes ou informations urgentes.<\/p><\/li><li><p><strong>Am\u00e9lioration de l\u2019engagement<\/strong>\u00a0: Renforce la collaboration entre l\u2019\u00e9cole et les familles gr\u00e2ce \u00e0 des mises \u00e0 jour r\u00e9guli\u00e8res et personnalis\u00e9es.<\/p><\/li><li><p><strong>Gain de temps<\/strong>\u00a0: Automatise l\u2019envoi de messages r\u00e9currents (rappels, annonces) et r\u00e9duit les t\u00e2ches manuelles.<\/p><\/li><\/ol>\t\t\t\t\t\t<\/div>\n\t\t\t\t<\/div>\n\t\t\t\t\t<\/div>\n\t\t<\/div>\n\t\t\t\t\t<\/div>\n\t\t<\/section>\n\t\t\t\t<section class=\"elementor-section elementor-top-section elementor-element elementor-element-0d19f00 elementor-section-height-min-height ot-traditional elementor-section-boxed elementor-section-height-default elementor-section-items-middle\" data-id=\"0d19f00\" data-element_type=\"section\">\n\t\t\t\t\t\t<div class=\"elementor-container elementor-column-gap-wider\">\n\t\t\t\t\t<div class=\"elementor-column elementor-col-50 elementor-top-column elementor-element elementor-element-1ee14a6 elementor-invisible\" data-id=\"1ee14a6\" data-element_type=\"column\" data-settings=\"{&quot;animation&quot;:&quot;fadeInLeft&quot;}\">\n\t\t\t<div class=\"elementor-widget-wrap elementor-element-populated\">\n\t\t\t\t\t\t<div class=\"elementor-element elementor-element-6fcc2cf elementor-widget elementor-widget-heading\" data-id=\"6fcc2cf\" data-element_type=\"widget\" data-widget_type=\"heading.default\">\n\t\t\t\t<div class=\"elementor-widget-container\">\n\t\t\t<h2 class=\"elementor-heading-title elementor-size-default\">Personnalis\u00e9 les Ev\u00e9nements <\/h2>\t\t<\/div>\n\t\t\t\t<\/div>\n\t\t\t\t<div class=\"elementor-element elementor-element-f9d0951 elementor-widget-divider--view-line elementor-widget elementor-widget-divider\" data-id=\"f9d0951\" data-element_type=\"widget\" data-widget_type=\"divider.default\">\n\t\t\t\t<div class=\"elementor-widget-container\">\n\t\t\t\t\t<div class=\"elementor-divider\">\n\t\t\t<span class=\"elementor-divider-separator\">\n\t\t\t\t\t\t<\/span>\n\t\t<\/div>\n\t\t\t\t<\/div>\n\t\t\t\t<\/div>\n\t\t\t\t<div class=\"elementor-element elementor-element-af1fc27 elementor-widget elementor-widget-text-editor\" data-id=\"af1fc27\" data-element_type=\"widget\" data-widget_type=\"text-editor.default\">\n\t\t\t\t<div class=\"elementor-widget-container\">\n\t\t\t\t\t\t\t<ol start=\"1\"><li><p><strong>Planification simplifi\u00e9e<\/strong>\u00a0: Permet de cr\u00e9er, organiser et g\u00e9rer des \u00e9v\u00e9nements scolaires (r\u00e9unions, sorties, f\u00eates) en quelques clics.<\/p><\/li><li><p><strong>Communication cibl\u00e9e<\/strong>\u00a0: Facilite l\u2019envoi d\u2019invitations et de rappels personnalis\u00e9s aux parents, \u00e9l\u00e8ves et personnel.<\/p><\/li><li><p><strong>Exp\u00e9rience personnalis\u00e9e<\/strong>\u00a0: Adapte les \u00e9v\u00e9nements aux besoins sp\u00e9cifiques de l\u2019\u00e9cole et des participants pour une meilleure engagement.<\/p><\/li><\/ol>\t\t\t\t\t\t<\/div>\n\t\t\t\t<\/div>\n\t\t\t\t\t<\/div>\n\t\t<\/div>\n\t\t\t\t<div class=\"elementor-column elementor-col-50 elementor-top-column elementor-element elementor-element-47b5742 elementor-invisible\" data-id=\"47b5742\" data-element_type=\"column\" data-settings=\"{&quot;background_background&quot;:&quot;classic&quot;,&quot;animation&quot;:&quot;fadeInRight&quot;}\">\n\t\t\t<div class=\"elementor-widget-wrap elementor-element-populated\">\n\t\t\t\t\t\t<div class=\"elementor-element elementor-element-7c0a912 elementor-widget elementor-widget-heading\" data-id=\"7c0a912\" data-element_type=\"widget\" data-widget_type=\"heading.default\">\n\t\t\t\t<div class=\"elementor-widget-container\">\n\t\t\t<h2 class=\"elementor-heading-title elementor-size-default\">Gestion des T\u00e2ches <\/h2>\t\t<\/div>\n\t\t\t\t<\/div>\n\t\t\t\t<div class=\"elementor-element elementor-element-bde7430 elementor-widget-divider--view-line elementor-widget elementor-widget-divider\" data-id=\"bde7430\" data-element_type=\"widget\" data-widget_type=\"divider.default\">\n\t\t\t\t<div class=\"elementor-widget-container\">\n\t\t\t\t\t<div class=\"elementor-divider\">\n\t\t\t<span class=\"elementor-divider-separator\">\n\t\t\t\t\t\t<\/span>\n\t\t<\/div>\n\t\t\t\t<\/div>\n\t\t\t\t<\/div>\n\t\t\t\t<div class=\"elementor-element elementor-element-78430d7 elementor-widget elementor-widget-text-editor\" data-id=\"78430d7\" data-element_type=\"widget\" data-widget_type=\"text-editor.default\">\n\t\t\t\t<div class=\"elementor-widget-container\">\n\t\t\t\t\t\t\t<ol start=\"1\"><li><p><strong>Organisation optimis\u00e9e<\/strong>\u00a0: Permet de planifier, attribuer et suivre les t\u00e2ches pour le personnel et les enseignants de mani\u00e8re structur\u00e9e.<\/p><\/li><li><p><strong>Collaboration renforc\u00e9e<\/strong>\u00a0: Facilite le travail d\u2019\u00e9quipe en centralisant les t\u00e2ches et en permettant un suivi en temps r\u00e9el.<\/p><\/li><li><p><strong>Efficacit\u00e9 accrue<\/strong>\u00a0: Aide \u00e0 prioriser les activit\u00e9s et \u00e0 respecter les d\u00e9lais, am\u00e9liorant ainsi la productivit\u00e9.<\/p><\/li><\/ol>\t\t\t\t\t\t<\/div>\n\t\t\t\t<\/div>\n\t\t\t\t\t<\/div>\n\t\t<\/div>\n\t\t\t\t\t<\/div>\n\t\t<\/section>\n\t\t\t\t<\/div>\n\t\t","protected":false},"excerpt":{"rendered":"<p>Les sous modules Gestion du Personnel Centralisation des donn\u00e9es\u00a0: Simplifie la gestion des informations du personnel (enseignants, administratifs) en un seul endroit. Suivi efficace\u00a0: Permet de g\u00e9rer les contrats, les absences, les cong\u00e9s et les \u00e9valuations de mani\u00e8re organis\u00e9e. Am\u00e9lioration de la communication\u00a0: Facilite les \u00e9changes entre la direction et le personnel pour une collaboration [&hellip;]<\/p>\n","protected":false},"author":2,"featured_media":0,"parent":0,"menu_order":0,"comment_status":"closed","ping_status":"closed","template":"","meta":{"footnotes":""},"class_list":["post-2987","page","type-page","status-publish","hentry"],"_links":{"self":[{"href":"https:\/\/ms-school.net\/accueil\/wp-json\/wp\/v2\/pages\/2987","targetHints":{"allow":["GET"]}}],"collection":[{"href":"https:\/\/ms-school.net\/accueil\/wp-json\/wp\/v2\/pages"}],"about":[{"href":"https:\/\/ms-school.net\/accueil\/wp-json\/wp\/v2\/types\/page"}],"author":[{"embeddable":true,"href":"https:\/\/ms-school.net\/accueil\/wp-json\/wp\/v2\/users\/2"}],"replies":[{"embeddable":true,"href":"https:\/\/ms-school.net\/accueil\/wp-json\/wp\/v2\/comments?post=2987"}],"version-history":[{"count":34,"href":"https:\/\/ms-school.net\/accueil\/wp-json\/wp\/v2\/pages\/2987\/revisions"}],"predecessor-version":[{"id":3259,"href":"https:\/\/ms-school.net\/accueil\/wp-json\/wp\/v2\/pages\/2987\/revisions\/3259"}],"wp:attachment":[{"href":"https:\/\/ms-school.net\/accueil\/wp-json\/wp\/v2\/media?parent=2987"}],"curies":[{"name":"wp","href":"https:\/\/api.w.org\/{rel}","templated":true}]}}